{"id":1977,"date":"2022-11-24T15:35:14","date_gmt":"2022-11-24T14:35:14","guid":{"rendered":"https:\/\/duniafood.com\/?page_id=1977"},"modified":"2026-03-05T08:22:47","modified_gmt":"2026-03-05T07:22:47","slug":"mision-y-vision","status":"publish","type":"page","link":"https:\/\/duniafood.com\/en\/mision-y-vision\/","title":{"rendered":"Mission and vision"},"content":{"rendered":"<div data-elementor-type=\"wp-page\" data-elementor-id=\"1977\" class=\"elementor elementor-1977\" data-elementor-post-type=\"page\">\n\t\t\t\t\t\t<section class=\"elementor-section elementor-top-section elementor-element elementor-element-21779f7 elementor-section-full_width elementor-section-height-default elementor-section-height-default\" data-id=\"21779f7\" data-element_type=\"section\" data-e-type=\"section\">\n\t\t\t\t\t\t<div class=\"elementor-container elementor-column-gap-no\">\n\t\t\t\t\t<div class=\"elementor-column elementor-col-100 elementor-top-column elementor-element elementor-element-95b4007\" data-id=\"95b4007\" data-element_type=\"column\" data-e-type=\"column\">\n\t\t\t<div class=\"elementor-widget-wrap elementor-element-populated\">\n\t\t\t\t\t\t<section class=\"elementor-section elementor-inner-section elementor-element elementor-element-aca4278 elementor-section-full_width elementor-section-height-default elementor-section-height-default\" data-id=\"aca4278\" data-element_type=\"section\" data-e-type=\"section\">\n\t\t\t\t\t\t<div class=\"elementor-container elementor-column-gap-no\">\n\t\t\t\t\t<div class=\"elementor-column elementor-col-100 elementor-inner-column elementor-element elementor-element-0953540\" data-id=\"0953540\" data-element_type=\"column\" data-e-type=\"column\">\n\t\t\t<div class=\"elementor-widget-wrap elementor-element-populated\">\n\t\t\t\t\t\t<div class=\"elementor-element elementor-element-69273aa elementor-invisible elementor-widget elementor-widget-text-editor\" data-id=\"69273aa\" data-element_type=\"widget\" data-e-type=\"widget\" data-settings=\"{&quot;_animation&quot;:&quot;fadeIn&quot;,&quot;_animation_delay&quot;:250}\" data-widget_type=\"text-editor.default\">\n\t\t\t\t<div class=\"elementor-widget-container\">\n\t\t\t\t\t\t\t\t\t<p class=\"p1\"><b>Dunia Food<\/b> is synonymous with quality and also with the future, which is why it works to continue being a model and benchmark, a solid and cutting-edge company<\/p>\t\t\t\t\t\t\t\t<\/div>\n\t\t\t\t<\/div>\n\t\t\t\t<div class=\"elementor-element elementor-element-c3fed4d elementor-invisible elementor-widget elementor-widget-heading\" data-id=\"c3fed4d\" data-element_type=\"widget\" data-e-type=\"widget\" data-settings=\"{&quot;_animation&quot;:&quot;fadeInDown&quot;,&quot;_animation_delay&quot;:250}\" data-widget_type=\"heading.default\">\n\t\t\t\t<div class=\"elementor-widget-container\">\n\t\t\t\t\t<h2 class=\"elementor-heading-title elementor-size-default\"><b>Mission<\/b><\/h2>\t\t\t\t<\/div>\n\t\t\t\t<\/div>\n\t\t\t\t<div class=\"elementor-element elementor-element-5c7ae8b elementor-invisible elementor-widget elementor-widget-text-editor\" data-id=\"5c7ae8b\" data-element_type=\"widget\" data-e-type=\"widget\" data-settings=\"{&quot;_animation&quot;:&quot;fadeInUp&quot;}\" data-widget_type=\"text-editor.default\">\n\t\t\t\t<div class=\"elementor-widget-container\">\n\t\t\t\t\t\t\t\t\t<p class=\"p1\">In&nbsp;<strong>Dunia Food<\/strong> We want to contribute to the progress of society and we do it as best we know how: marketing top quality canned fish, fruit and vegetable food solutions so that they reach any part of the world.<span class=\"Apple-converted-space\">&nbsp;<\/span><\/p>\n<p class=\"p1\">We guarantee the well-being of people by complying with all the necessary regulations to distribute food products in the market with the seriousness and responsibility that is required of a company of our characteristics.<\/p>\n<p class=\"p1\">Our extensive knowledge of the raw material allows us to guarantee the conservation of any type of food in various formats depending on the product -flexible, metallic and opaque or glass container- and certifying the optimal organoleptic conditions of the food. Any of our brands <strong>hersan<\/strong>, <strong>Claramar<\/strong>, <strong>tuna<\/strong> <strong>fit<\/strong> either <strong>dunia<\/strong> They offer outstanding freshness and maximum flavor guaranteed.<\/p>\t\t\t\t\t\t\t\t<\/div>\n\t\t\t\t<\/div>\n\t\t\t\t<div class=\"elementor-element elementor-element-ff90098 elementor-widget elementor-widget-spacer\" data-id=\"ff90098\" data-element_type=\"widget\" data-e-type=\"widget\" data-widget_type=\"spacer.default\">\n\t\t\t\t<div class=\"elementor-widget-container\">\n\t\t\t\t\t\t\t<div class=\"elementor-spacer\">\n\t\t\t<div class=\"elementor-spacer-inner\"><\/div>\n\t\t<\/div>\n\t\t\t\t\t\t<\/div>\n\t\t\t\t<\/div>\n\t\t\t\t<div class=\"elementor-element elementor-element-a58a113 elementor-invisible elementor-widget elementor-widget-text-editor\" data-id=\"a58a113\" data-element_type=\"widget\" data-e-type=\"widget\" data-settings=\"{&quot;_animation&quot;:&quot;fadeInUp&quot;}\" data-widget_type=\"text-editor.default\">\n\t\t\t\t<div class=\"elementor-widget-container\">\n\t\t\t\t\t\t\t\t\t<p>Our maxim is that our activity contributes to the common good and also reports benefits through an efficient, environmentally sustainable and economically profitable management model, which provides added value to all our stakeholders and contributes to progress through the creation of jobs. of quality work.<\/p><p>The greatest wealth of <strong>Dunia Food<\/strong> It is our human capital and we take care of it as it deserves, aware as we are that the productive capacity of our organization depends on our team.<\/p><p>For this, we apply excellence and innovation in the execution of all the activities that comprise our line of business. We are also in constant relationship with our customers and, based on their needs, we expand our product portfolio, adapting to their demands and suggestions. We are specialists in adapting to the wishes of those who trust our brands, guiding our efforts to always be the best option in the canning sector for the HORECA channel and for retail sales or the retail sector.<\/p>\t\t\t\t\t\t\t\t<\/div>\n\t\t\t\t<\/div>\n\t\t\t\t\t<\/div>\n\t\t<\/div>\n\t\t\t\t\t<\/div>\n\t\t<\/section>\n\t\t\t\t\t<\/div>\n\t\t<\/div>\n\t\t\t\t\t<\/div>\n\t\t<\/section>\n\t\t\t\t<section class=\"elementor-section elementor-top-section elementor-element elementor-element-0923f33 elementor-section-full_width elementor-section-height-default elementor-section-height-default elementor-invisible\" data-id=\"0923f33\" data-element_type=\"section\" data-e-type=\"section\" data-settings=\"{&quot;background_background&quot;:&quot;classic&quot;,&quot;animation&quot;:&quot;fadeInUp&quot;}\">\n\t\t\t\t\t\t<div class=\"elementor-container elementor-column-gap-default\">\n\t\t\t\t\t<div class=\"elementor-column elementor-col-33 elementor-top-column elementor-element elementor-element-4265929\" data-id=\"4265929\" data-element_type=\"column\" data-e-type=\"column\">\n\t\t\t<div class=\"elementor-widget-wrap elementor-element-populated\">\n\t\t\t\t\t\t<div class=\"elementor-element elementor-element-040ce1c elementor-invisible elementor-widget elementor-widget-image\" data-id=\"040ce1c\" data-element_type=\"widget\" data-e-type=\"widget\" data-settings=\"{&quot;_animation&quot;:&quot;fadeInDown&quot;}\" data-widget_type=\"image.default\">\n\t\t\t\t<div class=\"elementor-widget-container\">\n\t\t\t\t\t\t\t\t\t\t\t\t\t\t\t<img fetchpriority=\"high\" decoding=\"async\" width=\"500\" height=\"500\" src=\"https:\/\/duniafood.com\/wp-content\/uploads\/2022\/11\/Recurso-11.svg\" class=\"attachment-large size-large wp-image-1962\" alt=\"bandera para exportaci\u00f3n internacional\" \/>\t\t\t\t\t\t\t\t\t\t\t\t\t\t\t<\/div>\n\t\t\t\t<\/div>\n\t\t\t\t<div class=\"elementor-element elementor-element-ae79a49 elementor-widget elementor-widget-icon-box\" data-id=\"ae79a49\" data-element_type=\"widget\" data-e-type=\"widget\" data-widget_type=\"icon-box.default\">\n\t\t\t\t<div class=\"elementor-widget-container\">\n\t\t\t\t\t\t\t<div class=\"elementor-icon-box-wrapper\">\n\n\t\t\t\n\t\t\t\t\t\t<div class=\"elementor-icon-box-content\">\n\n\t\t\t\t\t\t\t\t\t<h3 class=\"elementor-icon-box-title\">\n\t\t\t\t\t\t<span  >\n\t\t\t\t\t\t\tDunia Food&#039;s mission\t\t\t\t\t\t<\/span>\n\t\t\t\t\t<\/h3>\n\t\t\t\t\n\t\t\t\t\t\t\t\t\t<p class=\"elementor-icon-box-description\">\n\t\t\t\t\t\tSatisfy everyone&#039;s dietary needs by offering the best variety of preserves in various formats\t\t\t\t\t<\/p>\n\t\t\t\t\n\t\t\t<\/div>\n\t\t\t\n\t\t<\/div>\n\t\t\t\t\t\t<\/div>\n\t\t\t\t<\/div>\n\t\t\t\t\t<\/div>\n\t\t<\/div>\n\t\t\t\t<div class=\"elementor-column elementor-col-33 elementor-top-column elementor-element elementor-element-ee5fc47\" data-id=\"ee5fc47\" data-element_type=\"column\" data-e-type=\"column\">\n\t\t\t<div class=\"elementor-widget-wrap elementor-element-populated\">\n\t\t\t\t\t\t<div class=\"elementor-element elementor-element-64250b3 elementor-invisible elementor-widget elementor-widget-image\" data-id=\"64250b3\" data-element_type=\"widget\" data-e-type=\"widget\" data-settings=\"{&quot;_animation&quot;:&quot;fadeInDown&quot;}\" data-widget_type=\"image.default\">\n\t\t\t\t<div class=\"elementor-widget-container\">\n\t\t\t\t\t\t\t\t\t\t\t\t\t\t\t<img decoding=\"async\" width=\"500\" height=\"500\" src=\"https:\/\/duniafood.com\/wp-content\/uploads\/2022\/11\/Recurso-9.svg\" class=\"attachment-large size-large wp-image-1964\" alt=\"Icono de visi\u00f3n y supervisi\u00f3n de calidad\" \/>\t\t\t\t\t\t\t\t\t\t\t\t\t\t\t<\/div>\n\t\t\t\t<\/div>\n\t\t\t\t<div class=\"elementor-element elementor-element-bc5eda6 elementor-widget elementor-widget-icon-box\" data-id=\"bc5eda6\" data-element_type=\"widget\" data-e-type=\"widget\" data-widget_type=\"icon-box.default\">\n\t\t\t\t<div class=\"elementor-widget-container\">\n\t\t\t\t\t\t\t<div class=\"elementor-icon-box-wrapper\">\n\n\t\t\t\n\t\t\t\t\t\t<div class=\"elementor-icon-box-content\">\n\n\t\t\t\t\t\t\t\t\t<h3 class=\"elementor-icon-box-title\">\n\t\t\t\t\t\t<span  >\n\t\t\t\t\t\t\tThe vision of Dunia Food\t\t\t\t\t\t<\/span>\n\t\t\t\t\t<\/h3>\n\t\t\t\t\n\t\t\t\t\t\t\t\t\t<p class=\"elementor-icon-box-description\">\n\t\t\t\t\t\tOUR ABSOLUTE PRIORITY is that our client is always happy and achieve a lasting business relationship based on the satisfaction that comes from trust and the tranquility derived from professionalism.\t\t\t\t\t<\/p>\n\t\t\t\t\n\t\t\t<\/div>\n\t\t\t\n\t\t<\/div>\n\t\t\t\t\t\t<\/div>\n\t\t\t\t<\/div>\n\t\t\t\t\t<\/div>\n\t\t<\/div>\n\t\t\t\t<div class=\"elementor-column elementor-col-33 elementor-top-column elementor-element elementor-element-c18b8fd\" data-id=\"c18b8fd\" data-element_type=\"column\" data-e-type=\"column\">\n\t\t\t<div class=\"elementor-widget-wrap elementor-element-populated\">\n\t\t\t\t\t\t<div class=\"elementor-element elementor-element-e2924b6 elementor-invisible elementor-widget elementor-widget-image\" data-id=\"e2924b6\" data-element_type=\"widget\" data-e-type=\"widget\" data-settings=\"{&quot;_animation&quot;:&quot;fadeInDown&quot;}\" data-widget_type=\"image.default\">\n\t\t\t\t<div class=\"elementor-widget-container\">\n\t\t\t\t\t\t\t\t\t\t\t\t\t\t\t<img decoding=\"async\" width=\"500\" height=\"500\" src=\"https:\/\/duniafood.com\/wp-content\/uploads\/2022\/11\/Recurso-5.svg\" class=\"attachment-large size-large wp-image-1968\" alt=\"calidad premium y excelencia\" \/>\t\t\t\t\t\t\t\t\t\t\t\t\t\t\t<\/div>\n\t\t\t\t<\/div>\n\t\t\t\t<div class=\"elementor-element elementor-element-d68d71e elementor-widget elementor-widget-icon-box\" data-id=\"d68d71e\" data-element_type=\"widget\" data-e-type=\"widget\" data-widget_type=\"icon-box.default\">\n\t\t\t\t<div class=\"elementor-widget-container\">\n\t\t\t\t\t\t\t<div class=\"elementor-icon-box-wrapper\">\n\n\t\t\t\n\t\t\t\t\t\t<div class=\"elementor-icon-box-content\">\n\n\t\t\t\t\t\t\t\t\t<h3 class=\"elementor-icon-box-title\">\n\t\t\t\t\t\t<span  >\n\t\t\t\t\t\t\tThe values of Dunia Food\t\t\t\t\t\t<\/span>\n\t\t\t\t\t<\/h3>\n\t\t\t\t\n\t\t\t\t\t\t\t\t\t<p class=\"elementor-icon-box-description\">\n\t\t\t\t\t\tThe commitment to innovation, excellence, honesty and trustworthiness are our principles. <br>\nOur joy is a job well done and the pride of being world leaders in the canning sector.\t\t\t\t\t<\/p>\n\t\t\t\t\n\t\t\t<\/div>\n\t\t\t\n\t\t<\/div>\n\t\t\t\t\t\t<\/div>\n\t\t\t\t<\/div>\n\t\t\t\t\t<\/div>\n\t\t<\/div>\n\t\t\t\t\t<\/div>\n\t\t<\/section>\n\t\t\t\t<section class=\"elementor-section elementor-top-section elementor-element elementor-element-58084cf elementor-section-full_width elementor-section-height-min-height elementor-section-items-stretch elementor-section-height-default\" data-id=\"58084cf\" data-element_type=\"section\" data-e-type=\"section\" data-settings=\"{&quot;background_background&quot;:&quot;classic&quot;}\">\n\t\t\t\t\t\t<div class=\"elementor-container elementor-column-gap-no\">\n\t\t\t\t\t<div class=\"elementor-column elementor-col-100 elementor-top-column elementor-element elementor-element-59b6300\" data-id=\"59b6300\" data-element_type=\"column\" data-e-type=\"column\">\n\t\t\t<div class=\"elementor-widget-wrap elementor-element-populated\">\n\t\t\t\t\t\t<div class=\"elementor-element elementor-element-86b85d4 elementor-invisible elementor-widget elementor-widget-heading\" data-id=\"86b85d4\" data-element_type=\"widget\" data-e-type=\"widget\" data-settings=\"{&quot;_animation&quot;:&quot;fadeInDown&quot;,&quot;_animation_delay&quot;:250}\" data-widget_type=\"heading.default\">\n\t\t\t\t<div class=\"elementor-widget-container\">\n\t\t\t\t\t<h2 class=\"elementor-heading-title elementor-size-default\">Vision<\/h2>\t\t\t\t<\/div>\n\t\t\t\t<\/div>\n\t\t\t\t<div class=\"elementor-element elementor-element-4441296 elementor-invisible elementor-widget elementor-widget-text-editor\" data-id=\"4441296\" data-element_type=\"widget\" data-e-type=\"widget\" data-settings=\"{&quot;_animation&quot;:&quot;fadeIn&quot;,&quot;_animation_delay&quot;:350}\" data-widget_type=\"text-editor.default\">\n\t\t\t\t<div class=\"elementor-widget-container\">\n\t\t\t\t\t\t\t\t\t<p class=\"p1\">Talk about <strong>Dunia Food<\/strong> is to speak of guaranteed 100% quality. We want to continue being a reference for society and for this we have focused on seeking the well-being of people, projecting ourselves in the construction of a better future through the commercialization of the best canned fish, vegetables and fruits, ensuring full satisfaction. of those who trust our brands.<\/p><p class=\"p1\">We staunchly defend our ethical principles and our values, which define us and are the driving force behind everything we do, and we ensure that our team behaves in a serious, ethical and professional manner.<\/p><p class=\"p2\">The commitment to innovation, excellence, honesty and trustworthiness are our principles. Our reward is a job well done and the pride of being world leaders in the canning sector due to the quality of our wide assortment of products, always in continuous growth and expansion.<\/p><p class=\"p1\">Our maxim is that our client is always very happy to achieve a lasting business relationship based on the satisfaction that trust and professionalism gives.<\/p>\t\t\t\t\t\t\t\t<\/div>\n\t\t\t\t<\/div>\n\t\t\t\t\t<\/div>\n\t\t<\/div>\n\t\t\t\t\t<\/div>\n\t\t<\/section>\n\t\t\t\t<\/div>","protected":false},"excerpt":{"rendered":"<p>Dunia Food es sin\u00f3nimo de calidad y tambi\u00e9n de futuro por eso trabaja para continuar siendo modelo y referente, una empresa s\u00f3lida y de vanguardia Misi\u00f3n En&nbsp;Dunia Food queremos contribuir al progreso de la sociedad y lo hacemos como mejor sabemos: comercializando de soluciones de alimentaci\u00f3n de conservas de pescado, frutas y vegetales de primera [&hellip;]<\/p>\n","protected":false},"author":4,"featured_media":0,"parent":0,"menu_order":0,"comment_status":"closed","ping_status":"closed","template":"elementor_header_footer","meta":{"_acf_changed":false,"_monsterinsights_skip_tracking":false,"_monsterinsights_sitenote_active":false,"_monsterinsights_sitenote_note":"","_monsterinsights_sitenote_category":0,"footnotes":""},"class_list":["post-1977","page","type-page","status-publish","hentry"],"acf":[],"jetpack_sharing_enabled":true,"_links":{"self":[{"href":"https:\/\/duniafood.com\/en\/wp-json\/wp\/v2\/pages\/1977","targetHints":{"allow":["GET"]}}],"collection":[{"href":"https:\/\/duniafood.com\/en\/wp-json\/wp\/v2\/pages"}],"about":[{"href":"https:\/\/duniafood.com\/en\/wp-json\/wp\/v2\/types\/page"}],"author":[{"embeddable":true,"href":"https:\/\/duniafood.com\/en\/wp-json\/wp\/v2\/users\/4"}],"replies":[{"embeddable":true,"href":"https:\/\/duniafood.com\/en\/wp-json\/wp\/v2\/comments?post=1977"}],"version-history":[{"count":208,"href":"https:\/\/duniafood.com\/en\/wp-json\/wp\/v2\/pages\/1977\/revisions"}],"predecessor-version":[{"id":5254,"href":"https:\/\/duniafood.com\/en\/wp-json\/wp\/v2\/pages\/1977\/revisions\/5254"}],"wp:attachment":[{"href":"https:\/\/duniafood.com\/en\/wp-json\/wp\/v2\/media?parent=1977"}],"curies":[{"name":"wp","href":"https:\/\/api.w.org\/{rel}","templated":true}]}}