{"id":1322,"date":"2022-11-22T11:45:43","date_gmt":"2022-11-22T10:45:43","guid":{"rendered":"https:\/\/duniafood.com\/?page_id=1322"},"modified":"2026-03-17T13:33:16","modified_gmt":"2026-03-17T12:33:16","slug":"dunia-food-calidad","status":"publish","type":"page","link":"https:\/\/duniafood.com\/en\/dunia-food-calidad\/","title":{"rendered":"Dunia Food Quality"},"content":{"rendered":"\t\t<div data-elementor-type=\"wp-page\" data-elementor-id=\"1322\" class=\"elementor elementor-1322\" data-elementor-post-type=\"page\">\n\t\t\t\t\t\t<section class=\"elementor-section elementor-top-section elementor-element elementor-element-21779f7 elementor-section-boxed elementor-section-height-default elementor-section-height-default\" data-id=\"21779f7\" data-element_type=\"section\" data-e-type=\"section\">\n\t\t\t\t\t\t<div class=\"elementor-container elementor-column-gap-no\">\n\t\t\t\t\t<div class=\"elementor-column elementor-col-100 elementor-top-column elementor-element elementor-element-95b4007\" data-id=\"95b4007\" data-element_type=\"column\" data-e-type=\"column\">\n\t\t\t<div class=\"elementor-widget-wrap elementor-element-populated\">\n\t\t\t\t\t\t<section class=\"elementor-section elementor-inner-section elementor-element elementor-element-9fb9abf elementor-section-full_width elementor-section-height-default elementor-section-height-default\" data-id=\"9fb9abf\" data-element_type=\"section\" data-e-type=\"section\">\n\t\t\t\t\t\t<div class=\"elementor-container elementor-column-gap-no\">\n\t\t\t\t\t<div class=\"elementor-column elementor-col-50 elementor-inner-column elementor-element elementor-element-8d7c229\" data-id=\"8d7c229\" data-element_type=\"column\" data-e-type=\"column\">\n\t\t\t<div class=\"elementor-widget-wrap elementor-element-populated\">\n\t\t\t\t\t\t<div class=\"elementor-element elementor-element-5c7ae8b elementor-widget__width-initial elementor-invisible elementor-widget elementor-widget-text-editor\" data-id=\"5c7ae8b\" data-element_type=\"widget\" data-e-type=\"widget\" data-settings=\"{&quot;_animation&quot;:&quot;fadeInUp&quot;}\" data-widget_type=\"text-editor.default\">\n\t\t\t\t<div class=\"elementor-widget-container\">\n\t\t\t\t\t\t\t\t\t<p class=\"p1\">En la actualidad, <strong>Dunia Food<\/strong> es una empresa internacional especializada en la adquisici\u00f3n de materias primas de todo tipo que se puedan envasar en conserva.<\/p><p class=\"p1\"><b>Nuestro mayor compromiso es mantener siempre la calidad en todos nuestros productos buscando la satisfacci\u00f3n plena de todos nuestros clientes.<\/b>\u00a0<\/p><p class=\"p1\">Garantizamos el bienestar de los consumidores cumpliendo con todas las normativas necesarias para distribuir en el mercado excelentes soluciones de alimentaci\u00f3n con la seriedad y responsabilidad que se exige a una compa\u00f1\u00eda de nuestro prestigio.<\/p><p class=\"p1\">Adem\u00e1s, tenemos como premisa la profesionalidad y la excelencia, siendo nuestro objetivo la atenci\u00f3n cercana y personalizada volc\u00e1ndonos en cada uno de nuestros pedidos y proyectos.\u00a0<\/p><p class=\"p1\">Nuestra m\u00e1xima es fidelizar clientes construyendo relaciones comerciales de confianza, s\u00f3lidas y duraderas, basadas en la prosperidad y el \u00e9xito conjunto.<\/p>\t\t\t\t\t\t\t\t<\/div>\n\t\t\t\t<\/div>\n\t\t\t\t\t<\/div>\n\t\t<\/div>\n\t\t\t\t<div class=\"elementor-column elementor-col-50 elementor-inner-column elementor-element elementor-element-230773e\" data-id=\"230773e\" data-element_type=\"column\" data-e-type=\"column\">\n\t\t\t<div class=\"elementor-widget-wrap elementor-element-populated\">\n\t\t\t\t\t\t<div class=\"elementor-element elementor-element-6e4ced2 elementor-widget__width-initial elementor-widget elementor-widget-image\" data-id=\"6e4ced2\" data-element_type=\"widget\" data-e-type=\"widget\" data-widget_type=\"image.default\">\n\t\t\t\t<div class=\"elementor-widget-container\">\n\t\t\t\t\t\t\t\t\t\t\t\t\t\t\t<img fetchpriority=\"high\" decoding=\"async\" width=\"2560\" height=\"1440\" src=\"https:\/\/duniafood.com\/wp-content\/uploads\/2025\/04\/C0001.00_00_40_15.Imagen-fija031-scaled.jpg\" class=\"attachment-full size-full wp-image-6735\" alt=\"At\u00fan en sobre\" srcset=\"https:\/\/duniafood.com\/wp-content\/uploads\/2025\/04\/C0001.00_00_40_15.Imagen-fija031-scaled.jpg 2560w, https:\/\/duniafood.com\/wp-content\/uploads\/2025\/04\/C0001.00_00_40_15.Imagen-fija031-300x169.jpg 300w, https:\/\/duniafood.com\/wp-content\/uploads\/2025\/04\/C0001.00_00_40_15.Imagen-fija031-1024x576.jpg 1024w, https:\/\/duniafood.com\/wp-content\/uploads\/2025\/04\/C0001.00_00_40_15.Imagen-fija031-768x432.jpg 768w, https:\/\/duniafood.com\/wp-content\/uploads\/2025\/04\/C0001.00_00_40_15.Imagen-fija031-1536x864.jpg 1536w, https:\/\/duniafood.com\/wp-content\/uploads\/2025\/04\/C0001.00_00_40_15.Imagen-fija031-2048x1152.jpg 2048w, https:\/\/duniafood.com\/wp-content\/uploads\/2025\/04\/C0001.00_00_40_15.Imagen-fija031-18x10.jpg 18w\" sizes=\"(max-width: 2560px) 100vw, 2560px\" \/>\t\t\t\t\t\t\t\t\t\t\t\t\t\t\t<\/div>\n\t\t\t\t<\/div>\n\t\t\t\t\t<\/div>\n\t\t<\/div>\n\t\t\t\t\t<\/div>\n\t\t<\/section>\n\t\t\t\t\t<\/div>\n\t\t<\/div>\n\t\t\t\t\t<\/div>\n\t\t<\/section>\n\t\t\t\t<section class=\"elementor-section elementor-top-section elementor-element elementor-element-0923f33 elementor-section-full_width elementor-section-content-middle elementor-section-height-default elementor-section-height-default elementor-invisible\" data-id=\"0923f33\" data-element_type=\"section\" data-e-type=\"section\" data-settings=\"{&quot;background_background&quot;:&quot;classic&quot;,&quot;animation&quot;:&quot;fadeInUp&quot;}\">\n\t\t\t\t\t\t<div class=\"elementor-container elementor-column-gap-default\">\n\t\t\t\t\t<div class=\"elementor-column elementor-col-50 elementor-top-column elementor-element elementor-element-daca67c\" data-id=\"daca67c\" data-element_type=\"column\" data-e-type=\"column\">\n\t\t\t<div class=\"elementor-widget-wrap elementor-element-populated\">\n\t\t\t\t\t\t<div class=\"elementor-element elementor-element-c20ed11 elementor-widget elementor-widget-image\" data-id=\"c20ed11\" data-element_type=\"widget\" data-e-type=\"widget\" data-widget_type=\"image.default\">\n\t\t\t\t<div class=\"elementor-widget-container\">\n\t\t\t\t\t\t\t\t\t\t\t\t\t\t\t<img decoding=\"async\" width=\"500\" height=\"500\" src=\"https:\/\/duniafood.com\/wp-content\/uploads\/2022\/11\/Recurso-6.svg\" class=\"attachment-large size-large wp-image-1967\" alt=\"Icono de certificaci\u00f3n y calidad garantizada\" \/>\t\t\t\t\t\t\t\t\t\t\t\t\t\t\t<\/div>\n\t\t\t\t<\/div>\n\t\t\t\t<div class=\"elementor-element elementor-element-ce70e9b elementor-widget elementor-widget-icon-box\" data-id=\"ce70e9b\" data-element_type=\"widget\" data-e-type=\"widget\" data-widget_type=\"icon-box.default\">\n\t\t\t\t<div class=\"elementor-widget-container\">\n\t\t\t\t\t\t\t<div class=\"elementor-icon-box-wrapper\">\n\n\t\t\t\n\t\t\t\t\t\t<div class=\"elementor-icon-box-content\">\n\n\t\t\t\t\t\t\t\t\t<h2 class=\"elementor-icon-box-title\">\n\t\t\t\t\t\t<span  >\n\t\t\t\t\t\t\tConservas de calidad\t\t\t\t\t\t<\/span>\n\t\t\t\t\t<\/h2>\n\t\t\t\t\n\t\t\t\t\t\t\t\t\t<p class=\"elementor-icon-box-description\">\n\t\t\t\t\t\tSeleccionamos en origen las mejores materias primas y garantizamos que son procesadas y envasadas con los mejores m\u00e9todos del mercado.\t\t\t\t\t<\/p>\n\t\t\t\t\n\t\t\t<\/div>\n\t\t\t\n\t\t<\/div>\n\t\t\t\t\t\t<\/div>\n\t\t\t\t<\/div>\n\t\t\t\t\t<\/div>\n\t\t<\/div>\n\t\t\t\t<div class=\"elementor-column elementor-col-50 elementor-top-column elementor-element elementor-element-4265929\" data-id=\"4265929\" data-element_type=\"column\" data-e-type=\"column\">\n\t\t\t<div class=\"elementor-widget-wrap elementor-element-populated\">\n\t\t\t\t\t\t<div class=\"elementor-element elementor-element-3b27f7c elementor-widget elementor-widget-image\" data-id=\"3b27f7c\" data-element_type=\"widget\" data-e-type=\"widget\" data-widget_type=\"image.default\">\n\t\t\t\t<div class=\"elementor-widget-container\">\n\t\t\t\t\t\t\t\t\t\t\t\t\t\t\t<img decoding=\"async\" width=\"500\" height=\"500\" src=\"https:\/\/duniafood.com\/wp-content\/uploads\/2022\/11\/Recurso-2.svg\" class=\"attachment-large size-large wp-image-1960\" alt=\"Icono de seguridad y confianza garantizada\" \/>\t\t\t\t\t\t\t\t\t\t\t\t\t\t\t<\/div>\n\t\t\t\t<\/div>\n\t\t\t\t<div class=\"elementor-element elementor-element-ae79a49 elementor-widget elementor-widget-icon-box\" data-id=\"ae79a49\" data-element_type=\"widget\" data-e-type=\"widget\" data-widget_type=\"icon-box.default\">\n\t\t\t\t<div class=\"elementor-widget-container\">\n\t\t\t\t\t\t\t<div class=\"elementor-icon-box-wrapper\">\n\n\t\t\t\n\t\t\t\t\t\t<div class=\"elementor-icon-box-content\">\n\n\t\t\t\t\t\t\t\t\t<h2 class=\"elementor-icon-box-title\">\n\t\t\t\t\t\t<span  >\n\t\t\t\t\t\t\tGarantizamos la seguridad alimentaria\t\t\t\t\t\t<\/span>\n\t\t\t\t\t<\/h2>\n\t\t\t\t\n\t\t\t\t\t\t\t\t\t<p class=\"elementor-icon-box-description\">\n\t\t\t\t\t\tM\u00e1xima calidad en todos nuestros productos. Envases novedosos que garantizan la id\u00f3nea conservaci\u00f3n del producto y el mantenimiento de todas sus propiedades nutricionales.\t\t\t\t\t<\/p>\n\t\t\t\t\n\t\t\t<\/div>\n\t\t\t\n\t\t<\/div>\n\t\t\t\t\t\t<\/div>\n\t\t\t\t<\/div>\n\t\t\t\t\t<\/div>\n\t\t<\/div>\n\t\t\t\t\t<\/div>\n\t\t<\/section>\n\t\t\t\t<section class=\"elementor-section elementor-top-section elementor-element elementor-element-54a145d elementor-section-full_width elementor-section-height-min-height elementor-section-height-default elementor-section-items-middle\" data-id=\"54a145d\" data-element_type=\"section\" data-e-type=\"section\" data-settings=\"{&quot;motion_fx_motion_fx_scrolling&quot;:&quot;yes&quot;,&quot;motion_fx_opacity_effect&quot;:&quot;yes&quot;,&quot;motion_fx_opacity_range&quot;:{&quot;unit&quot;:&quot;%&quot;,&quot;size&quot;:&quot;&quot;,&quot;sizes&quot;:{&quot;start&quot;:44,&quot;end&quot;:55}},&quot;motion_fx_opacity_direction&quot;:&quot;out-in&quot;,&quot;motion_fx_opacity_level&quot;:{&quot;unit&quot;:&quot;px&quot;,&quot;size&quot;:10,&quot;sizes&quot;:[]},&quot;motion_fx_devices&quot;:[&quot;desktop&quot;,&quot;tablet&quot;,&quot;mobile&quot;]}\">\n\t\t\t\t\t\t<div class=\"elementor-container elementor-column-gap-default\">\n\t\t\t\t\t<div class=\"elementor-column elementor-col-50 elementor-top-column elementor-element elementor-element-992389b\" data-id=\"992389b\" data-element_type=\"column\" data-e-type=\"column\">\n\t\t\t<div class=\"elementor-widget-wrap elementor-element-populated\">\n\t\t\t\t\t\t<div class=\"elementor-element elementor-element-2344b84 elementor-invisible elementor-widget elementor-widget-heading\" data-id=\"2344b84\" data-element_type=\"widget\" data-e-type=\"widget\" data-settings=\"{&quot;_animation&quot;:&quot;fadeInDown&quot;,&quot;_animation_delay&quot;:250}\" data-widget_type=\"heading.default\">\n\t\t\t\t<div class=\"elementor-widget-container\">\n\t\t\t\t\t<h2 class=\"elementor-heading-title elementor-size-default\">Varias marcas para satisfacer las necesidades de todos<\/h2>\t\t\t\t<\/div>\n\t\t\t\t<\/div>\n\t\t\t\t<div class=\"elementor-element elementor-element-3bda5d3 elementor-widget elementor-widget-text-editor\" data-id=\"3bda5d3\" data-element_type=\"widget\" data-e-type=\"widget\" data-widget_type=\"text-editor.default\">\n\t\t\t\t<div class=\"elementor-widget-container\">\n\t\t\t\t\t\t\t\t\t<p><span style=\"font-weight: 400;\">Disponemos de cuatro marcas: <\/span><b>Hersan, Claramar, Tunafit <\/b><span style=\"font-weight: 400;\">y <\/span><b>Dunia<\/b><span style=\"font-weight: 400;\"> para adaptarnos a las exigencias de todos nuestros clientes. Atendiendo a tus necesidades nuestra \u00e1rea Comercial te ofrecer\u00e1 aquella que mejor se adapte a ti y a tu negocio.<\/span><\/p><p><span style=\"font-weight: 400;\">Todas nuestras rese\u00f1as tienen una imagen contempor\u00e1nea y moderna y adem\u00e1s de envases pr\u00e1cticos lo que resulta muy \u00fatil y permite ahorrar tiempo y espacio.<\/span><\/p>\t\t\t\t\t\t\t\t<\/div>\n\t\t\t\t<\/div>\n\t\t\t\t\t<\/div>\n\t\t<\/div>\n\t\t\t\t<div class=\"elementor-column elementor-col-50 elementor-top-column elementor-element elementor-element-d0769de\" data-id=\"d0769de\" data-element_type=\"column\" data-e-type=\"column\" data-settings=\"{&quot;motion_fx_motion_fx_scrolling&quot;:&quot;yes&quot;,&quot;motion_fx_translateY_effect&quot;:&quot;yes&quot;,&quot;motion_fx_translateY_speed&quot;:{&quot;unit&quot;:&quot;px&quot;,&quot;size&quot;:1.5,&quot;sizes&quot;:[]},&quot;motion_fx_devices&quot;:[&quot;desktop&quot;],&quot;motion_fx_translateY_affectedRange&quot;:{&quot;unit&quot;:&quot;%&quot;,&quot;size&quot;:&quot;&quot;,&quot;sizes&quot;:{&quot;start&quot;:0,&quot;end&quot;:100}}}\">\n\t\t\t<div class=\"elementor-widget-wrap elementor-element-populated\">\n\t\t\t\t\t\t<div class=\"elementor-element elementor-element-82d7e28 elementor-widget elementor-widget-image\" data-id=\"82d7e28\" data-element_type=\"widget\" data-e-type=\"widget\" data-widget_type=\"image.default\">\n\t\t\t\t<div class=\"elementor-widget-container\">\n\t\t\t\t\t\t\t\t\t\t\t\t\t\t\t<img loading=\"lazy\" decoding=\"async\" width=\"379\" height=\"58\" src=\"https:\/\/duniafood.com\/wp-content\/uploads\/2022\/11\/logos-footer2.svg\" class=\"attachment-large size-large wp-image-712\" alt=\"Logo Hersan, Dunia, Claromar y TunaFit\" \/>\t\t\t\t\t\t\t\t\t\t\t\t\t\t\t<\/div>\n\t\t\t\t<\/div>\n\t\t\t\t\t<\/div>\n\t\t<\/div>\n\t\t\t\t\t<\/div>\n\t\t<\/section>\n\t\t\t\t<section class=\"elementor-section elementor-top-section elementor-element elementor-element-58084cf elementor-section-full_width elementor-section-height-min-height elementor-section-items-stretch elementor-section-height-default\" data-id=\"58084cf\" data-element_type=\"section\" data-e-type=\"section\" data-settings=\"{&quot;background_background&quot;:&quot;classic&quot;}\">\n\t\t\t\t\t\t<div class=\"elementor-container elementor-column-gap-no\">\n\t\t\t\t\t<div class=\"elementor-column elementor-col-50 elementor-top-column elementor-element elementor-element-ca4cbd9 elementor-invisible\" data-id=\"ca4cbd9\" data-element_type=\"column\" data-e-type=\"column\" data-settings=\"{&quot;background_background&quot;:&quot;classic&quot;,&quot;background_motion_fx_motion_fx_scrolling&quot;:&quot;yes&quot;,&quot;background_motion_fx_translateX_effect&quot;:&quot;yes&quot;,&quot;background_motion_fx_translateX_speed&quot;:{&quot;unit&quot;:&quot;px&quot;,&quot;size&quot;:2,&quot;sizes&quot;:[]},&quot;animation&quot;:&quot;slideInLeft&quot;,&quot;background_motion_fx_translateX_affectedRange&quot;:{&quot;unit&quot;:&quot;%&quot;,&quot;size&quot;:&quot;&quot;,&quot;sizes&quot;:{&quot;start&quot;:0,&quot;end&quot;:100}},&quot;background_motion_fx_devices&quot;:[&quot;desktop&quot;,&quot;tablet&quot;,&quot;mobile&quot;]}\">\n\t\t\t<div class=\"elementor-widget-wrap elementor-element-populated\">\n\t\t\t\t\t\t<div class=\"elementor-element elementor-element-5f39dfa elementor-widget elementor-widget-spacer\" data-id=\"5f39dfa\" data-element_type=\"widget\" data-e-type=\"widget\" data-widget_type=\"spacer.default\">\n\t\t\t\t<div class=\"elementor-widget-container\">\n\t\t\t\t\t\t\t<div class=\"elementor-spacer\">\n\t\t\t<div class=\"elementor-spacer-inner\"><\/div>\n\t\t<\/div>\n\t\t\t\t\t\t<\/div>\n\t\t\t\t<\/div>\n\t\t\t\t\t<\/div>\n\t\t<\/div>\n\t\t\t\t<div class=\"elementor-column elementor-col-50 elementor-top-column elementor-element elementor-element-59b6300\" data-id=\"59b6300\" data-element_type=\"column\" data-e-type=\"column\">\n\t\t\t<div class=\"elementor-widget-wrap elementor-element-populated\">\n\t\t\t\t\t\t<div class=\"elementor-element elementor-element-86b85d4 elementor-invisible elementor-widget elementor-widget-heading\" data-id=\"86b85d4\" data-element_type=\"widget\" data-e-type=\"widget\" data-settings=\"{&quot;_animation&quot;:&quot;fadeInDown&quot;,&quot;_animation_delay&quot;:250}\" data-widget_type=\"heading.default\">\n\t\t\t\t<div class=\"elementor-widget-container\">\n\t\t\t\t\t<h2 class=\"elementor-heading-title elementor-size-default\">Ampliando horizontes<\/h2>\t\t\t\t<\/div>\n\t\t\t\t<\/div>\n\t\t\t\t<div class=\"elementor-element elementor-element-4441296 elementor-invisible elementor-widget elementor-widget-text-editor\" data-id=\"4441296\" data-element_type=\"widget\" data-e-type=\"widget\" data-settings=\"{&quot;_animation&quot;:&quot;fadeIn&quot;,&quot;_animation_delay&quot;:350}\" data-widget_type=\"text-editor.default\">\n\t\t\t\t<div class=\"elementor-widget-container\">\n\t\t\t\t\t\t\t\t\t<p class=\"p1\">La importaci\u00f3n, exportaci\u00f3n y distribuci\u00f3n de conservas es la actividad principal de nuestra compa\u00f1\u00eda <strong>Dunia Food<\/strong>, experta en localizar en origen las mejores opciones del mercado de cada especialidad con el objetivo de trasladarlas a nuestra amplia cartera de clientes.<\/p><p class=\"p1\">Nuestra expansi\u00f3n y crecimiento es fruto de la labor de nuestra \u00c1rea de Exportaci\u00f3n e Importaci\u00f3n que ha sabido adaptarse a los nuevos tiempos aprovechando las oportunidades generadas por la globalizaci\u00f3n y digitalizaci\u00f3n para nuestro desarrollo internacional.<\/p><p class=\"p1\">La clara\u00a0apuesta\u00a0de <b>Dunia Food <\/b>por el\u00a0mercado exterior\u00a0queda patente con la asistencia de forma regular a las ferias alimentarias de mayor calado a nivel mundial, a destacar SIAL, Anuga y Gulfood. Adem\u00e1s, se ha cuidado especialmente la presencia en eventos nacionales como Alimentaria, feria en la que <strong>Dunia Food<\/strong> participa de forma ininterrumpida desde sus or\u00edgenes para presentar sus novedades.\u00a0<\/p><p class=\"p1\">Las ferias suponen una excelente oportunidad para realizar contactos comerciales y coincidir con nuestros clientes y amigos y la compa\u00f1\u00eda suele desplazar su fuerza de ventas y marketing a las mismas.<\/p>\t\t\t\t\t\t\t\t<\/div>\n\t\t\t\t<\/div>\n\t\t\t\t\t<\/div>\n\t\t<\/div>\n\t\t\t\t\t<\/div>\n\t\t<\/section>\n\t\t\t\t<section class=\"elementor-section elementor-top-section elementor-element elementor-element-a481c8f elementor-section-boxed elementor-section-height-default elementor-section-height-default\" data-id=\"a481c8f\" data-element_type=\"section\" data-e-type=\"section\">\n\t\t\t\t\t\t<div class=\"elementor-container elementor-column-gap-default\">\n\t\t\t\t\t<div class=\"elementor-column elementor-col-100 elementor-top-column elementor-element elementor-element-9b96f41\" data-id=\"9b96f41\" data-element_type=\"column\" data-e-type=\"column\">\n\t\t\t<div class=\"elementor-widget-wrap\">\n\t\t\t\t\t\t\t<\/div>\n\t\t<\/div>\n\t\t\t\t\t<\/div>\n\t\t<\/section>\n\t\t\t\t<\/div>\n\t\t","protected":false},"excerpt":{"rendered":"<p>En la actualidad, Dunia Food es una empresa internacional especializada en la adquisici\u00f3n de materias primas de todo tipo que se puedan envasar en conserva. Nuestro mayor compromiso es mantener siempre la calidad en todos nuestros productos buscando la satisfacci\u00f3n plena de todos nuestros clientes.\u00a0 Garantizamos el bienestar de los consumidores cumpliendo con todas las [&hellip;]<\/p>\n","protected":false},"author":4,"featured_media":0,"parent":0,"menu_order":0,"comment_status":"closed","ping_status":"closed","template":"elementor_header_footer","meta":{"_acf_changed":false,"_monsterinsights_skip_tracking":false,"_monsterinsights_sitenote_active":false,"_monsterinsights_sitenote_note":"","_monsterinsights_sitenote_category":0,"footnotes":""},"class_list":["post-1322","page","type-page","status-publish","hentry"],"acf":[],"jetpack_sharing_enabled":true,"_links":{"self":[{"href":"https:\/\/duniafood.com\/en\/wp-json\/wp\/v2\/pages\/1322","targetHints":{"allow":["GET"]}}],"collection":[{"href":"https:\/\/duniafood.com\/en\/wp-json\/wp\/v2\/pages"}],"about":[{"href":"https:\/\/duniafood.com\/en\/wp-json\/wp\/v2\/types\/page"}],"author":[{"embeddable":true,"href":"https:\/\/duniafood.com\/en\/wp-json\/wp\/v2\/users\/4"}],"replies":[{"embeddable":true,"href":"https:\/\/duniafood.com\/en\/wp-json\/wp\/v2\/comments?post=1322"}],"version-history":[{"count":313,"href":"https:\/\/duniafood.com\/en\/wp-json\/wp\/v2\/pages\/1322\/revisions"}],"predecessor-version":[{"id":7713,"href":"https:\/\/duniafood.com\/en\/wp-json\/wp\/v2\/pages\/1322\/revisions\/7713"}],"wp:attachment":[{"href":"https:\/\/duniafood.com\/en\/wp-json\/wp\/v2\/media?parent=1322"}],"curies":[{"name":"wp","href":"https:\/\/api.w.org\/{rel}","templated":true}]}}